{"id":6312,"date":"2022-03-22T15:47:40","date_gmt":"2022-03-22T15:47:40","guid":{"rendered":"https:\/\/mycontest.ch\/?page_id=6312"},"modified":"2023-04-24T09:54:00","modified_gmt":"2023-04-24T09:54:00","slug":"anniversaire-6-ans-smsup","status":"publish","type":"page","link":"https:\/\/mycontest.ch\/fr\/anniversaire-6-ans-smsup\/","title":{"rendered":"Anniversaire 6 ans SMSup"},"content":{"rendered":"<section  class=\" bg-image-srcset cover-background\" style=\"background: url(https:\/\/mycontest.ch\/wp-content\/uploads\/2022\/03\/anniversaire-smsup-concours-iphone.jpg) no-repeat center;\" data-bg-srcset=\"https:\/\/mycontest.ch\/wp-content\/uploads\/2022\/03\/anniversaire-smsup-concours-iphone.jpg 1586w, https:\/\/mycontest.ch\/wp-content\/uploads\/2022\/03\/anniversaire-smsup-concours-iphone-300x99.jpg 300w, https:\/\/mycontest.ch\/wp-content\/uploads\/2022\/03\/anniversaire-smsup-concours-iphone-1024x337.jpg 1024w, https:\/\/mycontest.ch\/wp-content\/uploads\/2022\/03\/anniversaire-smsup-concours-iphone-768x253.jpg 768w, https:\/\/mycontest.ch\/wp-content\/uploads\/2022\/03\/anniversaire-smsup-concours-iphone-1536x506.jpg 1536w, https:\/\/mycontest.ch\/wp-content\/uploads\/2022\/03\/anniversaire-smsup-concours-iphone-420x138.jpg 420w, https:\/\/mycontest.ch\/wp-content\/uploads\/2022\/03\/anniversaire-smsup-concours-iphone-1200x395.jpg 1200w\"><div class=\"container\"><div class=\"row\"><div class=\"wpb_column brando-column-container  vc_col-sm-12 col-xs-mobile-fullwidth text-center\" data-front-class=\"brando-column-container  col-xs-mobile-fullwidth text-center\"><div class=\"vc-column-innner-wrapper\"><div class=\"wpd-innner-wrapper\"><div class=\" brando-inner-row-class\"><div class=\"wpb_column brando-column-container  vc_col-sm-6 col-xs-mobile-fullwidth\" data-front-class=\"brando-column-container  col-xs-mobile-fullwidth\"><div class=\"vc-column-innner-wrapper\"><div class=\"wpd-innner-wrapper\">[vc_empty_space height=\"50px\"][vc_single_image image=\"6325\" img_size=\"medium\" alignment=\"center\" onclick=\"custom_link\" img_link_target=\"_blank\" link=\"http:\/\/smsup.ch\/fr\/\"]<h2 style=\"color: #00000; text-align: center;\"><span style=\"color: #ffffff;\"><strong>CONCOURS<\/strong> <\/span><\/h2>\n<h2 style=\"color: #00000; text-align: center;\"><span style=\"color: #ffffff;\">PARTICIPEZ ET GAGNEZ UN IPHONE 13<\/span><\/h2>\n[vc_empty_space height=\"10px\"][vc_btn title=\"JE PARTICIPE\" style=\"outline-custom\" outline_custom_color=\"#ffffff\" outline_custom_hover_background=\"#e92a0e\" outline_custom_hover_text=\"#ffffff\" shape=\"square\" align=\"center\" link=\"url:%23formulaire\"]<\/div><\/div><\/div><div class=\"wpb_column brando-column-container  vc_col-sm-6 col-xs-mobile-fullwidth\" data-front-class=\"brando-column-container  col-xs-mobile-fullwidth\"><div class=\"vc-column-innner-wrapper\"><div class=\"wpd-innner-wrapper\">[vc_empty_space height=\"80px\"]<\/div><\/div><\/div><\/div><\/div><\/div><\/div><\/div><\/div><\/section><section  class=\" padding-two-tb bg-image-srcset cover-background\" style=\"background: url(https:\/\/mycontest.ch\/wp-content\/uploads\/2021\/08\/Relief-background-image.png) no-repeat;\" data-bg-srcset=\"https:\/\/mycontest.ch\/wp-content\/uploads\/2021\/08\/Relief-background-image.png 750w, https:\/\/mycontest.ch\/wp-content\/uploads\/2021\/08\/Relief-background-image-300x200.png 300w, https:\/\/mycontest.ch\/wp-content\/uploads\/2021\/08\/Relief-background-image-420x280.png 420w\"><div class=\"container\"><div class=\"row\"><div class=\"wpb_column brando-column-container  vc_col-sm-2 col-xs-mobile-fullwidth\" data-front-class=\"brando-column-container  col-xs-mobile-fullwidth\"><div class=\"vc-column-innner-wrapper\"><div class=\"wpd-innner-wrapper\"><\/div><\/div><\/div><div class=\"wpb_column brando-column-container  vc_col-sm-8 col-xs-mobile-fullwidth padding-three-top\" data-front-class=\"brando-column-container  col-xs-mobile-fullwidth padding-three-top\"><div class=\"vc-column-innner-wrapper\"><div class=\"wpd-innner-wrapper\"><div class=\" brando-inner-row-class\"><div class=\"wpb_column brando-column-container  vc_col-sm-12 col-xs-mobile-fullwidth text-center\" data-front-class=\"brando-column-container  col-xs-mobile-fullwidth text-center\" style=\"min-height:2PX;\" data-min-height=\"2PX\"><div class=\"vc-column-innner-wrapper\"><div class=\"wpd-innner-wrapper\"><p style=\"text-align: center;\">&#x1f310;<span style=\"color: #000000;\"> <a style=\"color: #000000;\" href=\"https:\/\/mycontest.ch\/de\/geburtstag-6-jahre-smsup\/\" target=\"_blank\" rel=\"noopener\"><u>ALLEMAND<\/u><\/a>\u00a0 | <span style=\"color: #8ec600;\"><span style=\"color: #117ad9;\"><u><strong>FRAN\u00c7AIS<\/strong><\/u><\/span><\/span><\/span><\/p>\n<\/div><\/div><\/div><\/div>[vc_raw_html]JTI2bmJzcCUzQg==[\/vc_raw_html]<h3 style=\"text-align: center; color: #d3c3b2;\"><span style=\"color: #333333;\">CONCOURS TERMIN\u00c9<br \/>\n---<\/span><\/h3>\n<h3 style=\"text-align: center; color: #d3c3b2;\"><span style=\"color: #117ad9;\">C\u00e9l\u00e9brez avec nous notre 6\u00e8me anniversaire !<\/span><\/h3>\n[vc_raw_html]JTI2bmJzcCUzQg==[\/vc_raw_html]<div id=\"formulaire\" class=\" brando-inner-row-class\"><div class=\"wpb_column brando-column-container  vc_col-sm-6 col-xs-mobile-fullwidth\" data-front-class=\"brando-column-container  col-xs-mobile-fullwidth\"><div class=\"vc-column-innner-wrapper\"><div class=\"wpd-innner-wrapper\"><p><span style=\"color: #000000;\"><span style=\"color: #000000;\">&#x1f381;\u00a0 Nous f\u00eatons nos 6 ans ! Pour l'occasion, p<\/span><\/span><span style=\"color: #000000;\"><span style=\"color: #000000;\">articipez \u00e0 notre grand concours pour tenter de remporter un iPhone 13 &#x1f4f1; <\/span><\/span><\/p>\n<p><span style=\"color: #000000;\"><span style=\"color: #000000;\">Le gagnant sera d\u00e9sign\u00e9 par un tirage au sort ! Bonne chance &#x1f340;<\/span><\/span><\/p>\n[vc_empty_space height=\"24px\"]<p><span style=\"color: #000000;\"><strong>POUR PARTICIPER :<\/strong><\/span><\/p>\n[vc_empty_space height=\"12px\"]<p><strong><span style=\"color: #8ec600;\"><span style=\"color: #117ad9;\">1.<\/span> <\/span><\/strong><span style=\"color: #8ec600;\"><span style=\"color: #000000;\">Remplissez le <span style=\"color: #117ad9;\"><a style=\"color: #117ad9;\" href=\"#formulaire\">formulaire de participation<\/a><\/span><\/span><\/span><br \/>\n<span style=\"color: #117ad9;\"><strong>2. <\/strong><\/span><span style=\"color: #8ec600;\"><span style=\"color: #000000;\">Suivez-nous sur <span style=\"color: #117ad9;\"><a style=\"color: #117ad9;\" href=\"https:\/\/www.instagram.com\/smsup.ch\/\" target=\"_blank\" rel=\"noopener\">Instagram<\/a><\/span> et\/ou <span style=\"color: #117ad9;\"><a style=\"color: #117ad9;\" href=\"https:\/\/www.facebook.com\/smsup.ch\/\" target=\"_blank\" rel=\"noopener\">Facebook<\/a><\/span><\/span><\/span><br \/>\n<span style=\"color: #117ad9;\"><strong>3. <\/strong><\/span><span style=\"color: #8ec600;\"><span style=\"color: #000000;\">Likez notre post <span style=\"color: #117ad9;\"><a style=\"color: #117ad9;\" href=\"https:\/\/www.instagram.com\/p\/Cbze5tejbbI\/?utm_source=ig_web_copy_link\" target=\"_blank\" rel=\"noopener\">Instagram<\/a><\/span> et\/ou <a href=\"https:\/\/www.facebook.com\/smsup.ch\/photos\/a.1915144825478380\/3210630895929760\/\" target=\"_blank\" rel=\"noopener\"><span style=\"color: #117ad9;\">Facebook<\/span><\/a> li\u00e9 au concours<\/span><\/span><\/p>\n<\/div><\/div><\/div><div class=\"wpb_column brando-column-container  vc_col-sm-6 col-xs-mobile-fullwidth text-center\" data-front-class=\"brando-column-container  col-xs-mobile-fullwidth text-center\"><div class=\"vc-column-innner-wrapper\"><div class=\"wpd-innner-wrapper\">[vc_single_image image=\"6416\" img_size=\"full\" alignment=\"center\" style=\"vc_box_shadow\"]<\/div><\/div><\/div><\/div><\/div><\/div><\/div><div class=\"wpb_column brando-column-container  vc_col-sm-2 col-xs-mobile-fullwidth\" data-front-class=\"brando-column-container  col-xs-mobile-fullwidth\"><div class=\"vc-column-innner-wrapper\"><div class=\"wpd-innner-wrapper\"><\/div><\/div><\/div><\/div><\/div><\/section><section style=\"background-color:rgba(30,115,190,0.19);\"><div class=\"container\"><div class=\"row\"><div class=\"wpb_column brando-column-container  vc_col-sm-2 col-xs-mobile-fullwidth\" data-front-class=\"brando-column-container  col-xs-mobile-fullwidth\"><div class=\"vc-column-innner-wrapper\"><div class=\"wpd-innner-wrapper\"><\/div><\/div><\/div><div class=\"wpb_column brando-column-container  vc_col-sm-8 col-xs-mobile-fullwidth padding-three-all\" data-front-class=\"brando-column-container  col-xs-mobile-fullwidth padding-three-all\"><div class=\"vc-column-innner-wrapper\"><div class=\"wpd-innner-wrapper\"><p style=\"text-align: center;\">LE TIRAGE AU SORT A EU LIEU LE <strong>25 AVRIL 2022<\/strong>.<\/p>\n<\/div><\/div><\/div><div class=\"wpb_column brando-column-container  vc_col-sm-2 col-xs-mobile-fullwidth\" data-front-class=\"brando-column-container  col-xs-mobile-fullwidth\"><div class=\"vc-column-innner-wrapper\"><div class=\"wpd-innner-wrapper\"><\/div><\/div><\/div><\/div><\/div><\/section><section style=\"background-color:#e8cdab;\"><div class=\"container\"><div class=\"row\"><div class=\"wpb_column brando-column-container  vc_col-sm-4 col-xs-mobile-fullwidth\" data-front-class=\"brando-column-container  col-xs-mobile-fullwidth\"><div class=\"vc-column-innner-wrapper\"><div class=\"wpd-innner-wrapper\"><div style=\"color: #ffffff;\"><span style=\"color: #000000;\"><strong>CONTACTEZ-NOUS<\/strong><\/span><\/div>\n[vc_empty_space height=\"15px\"]<div style=\"color: #ffffff;\">\n<p><span style=\"color: #000000;\">&#x1f4cd; <strong>Adresse :<\/strong><\/span><br \/>\n<span style=\"color: #000000;\">Route de Ch\u00e9salles 21b, 1723 Marly<\/span><\/p>\n<p><span style=\"color: #000000;\">&#x1f4f1;<strong> T\u00e9l\u00e9phone :<\/strong><\/span><br \/>\n<span style=\"color: #000000;\"><a style=\"color: #000000;\" href=\"tel:+41265667020\">+41 26 566 70 20<\/a><\/span><\/p>\n<p><span style=\"color: #000000;\">&#x1f4e7;<strong> Mail :<br \/>\n<\/strong><a style=\"color: #000000;\" href=\"mailto:info@smsup.ch\" target=\"_blank\" rel=\"noopener\">info@smsup.ch<\/a><\/span><\/p>\n<\/div>\n<\/div><\/div><\/div><div class=\"wpb_column brando-column-container  vc_col-sm-4 col-xs-mobile-fullwidth\" data-front-class=\"brando-column-container  col-xs-mobile-fullwidth\"><div class=\"vc-column-innner-wrapper\"><div class=\"wpd-innner-wrapper\">[vc_single_image image=\"6325\" img_size=\"medium\" onclick=\"custom_link\" img_link_target=\"_blank\" link=\"http:\/\/smsup.ch\/fr\/\"]<\/div><\/div><\/div><div class=\"wpb_column brando-column-container  vc_col-sm-4 col-xs-mobile-fullwidth\" data-front-class=\"brando-column-container  col-xs-mobile-fullwidth\"><div class=\"vc-column-innner-wrapper\"><div class=\"wpd-innner-wrapper\"><div style=\"color: #ffffff;\"><span style=\"color: #000000;\"><strong>SUIVEZ-NOUS<\/strong><\/span><\/div>\n[vc_empty_space height=\"15px\"]<div class=\" brando-inner-row-class\"><div class=\"wpb_column brando-column-container  vc_col-sm-3 col-xs-mobile-fullwidth\" data-front-class=\"brando-column-container  col-xs-mobile-fullwidth\"><div class=\"vc-column-innner-wrapper\"><div class=\"wpd-innner-wrapper\"><img loading=\"lazy\" decoding=\"async\" width=\"24\" height=\"24\" src=\"https:\/\/mycontest.ch\/wp-content\/uploads\/2021\/08\/facebook-25.png\" class=\"icon-image icon-small \" alt=\"\" id=\"\" \/><\/div><\/div><\/div><div class=\"wpb_column brando-column-container  vc_col-sm-9 col-xs-mobile-fullwidth\" data-front-class=\"brando-column-container  col-xs-mobile-fullwidth\"><div class=\"vc-column-innner-wrapper\"><div class=\"wpd-innner-wrapper\"><p><span style=\"color: #000000;\"><a style=\"color: #000000;\" href=\"https:\/\/www.facebook.com\/smsup.ch\/\" target=\"_blank\" rel=\"noopener\">@SMSup.ch<\/a><\/span><\/p>\n<\/div><\/div><\/div><\/div><div class=\" brando-inner-row-class\"><div class=\"wpb_column brando-column-container  vc_col-sm-3 col-xs-mobile-fullwidth\" data-front-class=\"brando-column-container  col-xs-mobile-fullwidth\"><div class=\"vc-column-innner-wrapper\"><div class=\"wpd-innner-wrapper\"><img loading=\"lazy\" decoding=\"async\" width=\"24\" height=\"24\" src=\"https:\/\/mycontest.ch\/wp-content\/uploads\/2021\/08\/instagram-1.png\" class=\"icon-image icon-small \" alt=\"\" id=\"\" \/><\/div><\/div><\/div><div class=\"wpb_column brando-column-container  vc_col-sm-9 col-xs-mobile-fullwidth\" data-front-class=\"brando-column-container  col-xs-mobile-fullwidth\"><div class=\"vc-column-innner-wrapper\"><div class=\"wpd-innner-wrapper\"><p><span style=\"color: #000000;\"><a style=\"color: #000000;\" href=\"https:\/\/www.instagram.com\/smsup.ch\/\" target=\"_blank\" rel=\"noopener\">@SMSup.ch<\/a><\/span><\/p>\n<\/div><\/div><\/div><\/div><div class=\" brando-inner-row-class\"><div class=\"wpb_column brando-column-container  vc_col-sm-3 col-xs-mobile-fullwidth\" data-front-class=\"brando-column-container  col-xs-mobile-fullwidth\"><div class=\"vc-column-innner-wrapper\"><div class=\"wpd-innner-wrapper\"><img loading=\"lazy\" decoding=\"async\" width=\"24\" height=\"24\" src=\"https:\/\/mycontest.ch\/wp-content\/uploads\/2022\/03\/youtube-logotype-e1647963917678.png\" class=\"icon-image icon-small \" alt=\"\" id=\"\" \/><\/div><\/div><\/div><div class=\"wpb_column brando-column-container  vc_col-sm-9 col-xs-mobile-fullwidth\" data-front-class=\"brando-column-container  col-xs-mobile-fullwidth\"><div class=\"vc-column-innner-wrapper\"><div class=\"wpd-innner-wrapper\"><p><span style=\"color: #000000;\">@<a style=\"color: #000000;\" href=\"https:\/\/www.youtube.com\/channel\/UCNgvttwYxbOslLT2CGr1pqg\" target=\"_blank\" rel=\"noopener\">SMSup<\/a><\/span><\/p>\n<\/div><\/div><\/div><\/div><div class=\" brando-inner-row-class\"><div class=\"wpb_column brando-column-container  vc_col-sm-3 col-xs-mobile-fullwidth\" data-front-class=\"brando-column-container  col-xs-mobile-fullwidth\"><div class=\"vc-column-innner-wrapper\"><div class=\"wpd-innner-wrapper\"><img loading=\"lazy\" decoding=\"async\" width=\"24\" height=\"24\" src=\"https:\/\/mycontest.ch\/wp-content\/uploads\/2021\/08\/linkedin-1.png\" class=\"icon-image icon-extra-small \" alt=\"\" id=\"\" \/><\/div><\/div><\/div><div class=\"wpb_column brando-column-container  vc_col-sm-9 col-xs-mobile-fullwidth\" data-front-class=\"brando-column-container  col-xs-mobile-fullwidth\"><div class=\"vc-column-innner-wrapper\"><div class=\"wpd-innner-wrapper\"><p><span style=\"color: #000000;\"><a style=\"color: #000000;\" href=\"https:\/\/www.linkedin.com\/company\/smsup\/\" target=\"_blank\" rel=\"noopener\">@SMSup.ch<\/a><\/span><\/p>\n<\/div><\/div><\/div><\/div><\/div><\/div><\/div><\/div><\/div><\/section>","protected":false},"excerpt":{"rendered":"<p>[vc_empty_space height=\u00a0\u00bb50px\u00a0\u00bb][vc_single_image image=\u00a0\u00bb6325&Prime; img_size=\u00a0\u00bbmedium\u00a0\u00bb alignment=\u00a0\u00bbcenter\u00a0\u00bb onclick=\u00a0\u00bbcustom_link\u00a0\u00bb img_link_target=\u00a0\u00bb_blank\u00a0\u00bb link=\u00a0\u00bbhttp:\/\/smsup.ch\/fr\/\u00a0\u00bb]CONCOURS PARTICIPEZ ET GAGNEZ UN IPHONE 13 [vc_empty_space height=\u00a0\u00bb10px\u00a0\u00bb][vc_btn title=\u00a0\u00bbJE PARTICIPE\u00a0\u00bb style=\u00a0\u00bboutline-custom\u00a0\u00bb outline_custom_color=\u00a0\u00bb#ffffff\u00a0\u00bb outline_custom_hover_background=\u00a0\u00bb#e92a0e\u00a0\u00bb outline_custom_hover_text=\u00a0\u00bb#ffffff\u00a0\u00bb shape=\u00a0\u00bbsquare\u00a0\u00bb align=\u00a0\u00bbcenter\u00a0\u00bb link=\u00a0\u00bburl:%23formulaire\u00a0\u00bb][vc_empty_space height=\u00a0\u00bb80px\u00a0\u00bb]&#x1f310; ALLEMAND\u00a0 | FRAN\u00c7AIS [vc_raw_html]JTI2bmJzcCUzQg==[\/vc_raw_html]CONCOURS TERMIN\u00c9 &#8212; C\u00e9l\u00e9brez avec nous notre 6\u00e8me anniversaire ! [vc_raw_html]JTI2bmJzcCUzQg==[\/vc_raw_html]&#x1f381;\u00a0 Nous f\u00eatons nos 6 ans ! Pour l&rsquo;occasion, participez \u00e0 notre grand concours pour tenter [&hellip;]<\/p>\n","protected":false},"author":1,"featured_media":0,"parent":0,"menu_order":0,"comment_status":"closed","ping_status":"closed","template":"","meta":{"footnotes":""},"class_list":["post-6312","page","type-page","status-publish","hentry"],"yoast_head":"<!-- This site is optimized with the Yoast SEO plugin v27.4 - https:\/\/yoast.com\/product\/yoast-seo-wordpress\/ -->\n<title>C\u00e9l\u00e9brez avec nous notre 6\u00e8me anniversaire | SMSup<\/title>\n<meta name=\"description\" content=\"SMSup f\u00eate ses 6 ans ! Participez \u00e0 notre grand concours pour tenter de remporter un iPhone 13.\" \/>\n<meta name=\"robots\" content=\"index, follow, max-snippet:-1, max-image-preview:large, max-video-preview:-1\" \/>\n<link rel=\"canonical\" href=\"https:\/\/mycontest.ch\/fr\/anniversaire-6-ans-smsup\/\" \/>\n<meta property=\"og:locale\" content=\"fr_FR\" \/>\n<meta property=\"og:type\" content=\"article\" \/>\n<meta property=\"og:title\" content=\"C\u00e9l\u00e9brez avec nous notre 6\u00e8me anniversaire | SMSup\" \/>\n<meta property=\"og:description\" content=\"SMSup f\u00eate ses 6 ans ! Participez \u00e0 notre grand concours pour tenter de remporter un iPhone 13.\" \/>\n<meta property=\"og:url\" content=\"https:\/\/mycontest.ch\/fr\/anniversaire-6-ans-smsup\/\" \/>\n<meta property=\"og:site_name\" content=\"My Contest\" \/>\n<meta property=\"article:modified_time\" content=\"2023-04-24T09:54:00+00:00\" \/>\n<meta name=\"twitter:card\" content=\"summary_large_image\" \/>\n<meta name=\"twitter:label1\" content=\"Dur\u00e9e de lecture estim\u00e9e\" \/>\n\t<meta name=\"twitter:data1\" content=\"2 minutes\" \/>\n<script type=\"application\/ld+json\" class=\"yoast-schema-graph\">{\"@context\":\"https:\\\/\\\/schema.org\",\"@graph\":[{\"@type\":\"WebPage\",\"@id\":\"https:\\\/\\\/mycontest.ch\\\/fr\\\/anniversaire-6-ans-smsup\\\/\",\"url\":\"https:\\\/\\\/mycontest.ch\\\/fr\\\/anniversaire-6-ans-smsup\\\/\",\"name\":\"C\u00e9l\u00e9brez avec nous notre 6\u00e8me anniversaire | SMSup\",\"isPartOf\":{\"@id\":\"https:\\\/\\\/mycontest.ch\\\/fr\\\/#website\"},\"datePublished\":\"2022-03-22T15:47:40+00:00\",\"dateModified\":\"2023-04-24T09:54:00+00:00\",\"description\":\"SMSup f\u00eate ses 6 ans ! Participez \u00e0 notre grand concours pour tenter de remporter un iPhone 13.\",\"breadcrumb\":{\"@id\":\"https:\\\/\\\/mycontest.ch\\\/fr\\\/anniversaire-6-ans-smsup\\\/#breadcrumb\"},\"inLanguage\":\"fr-FR\",\"potentialAction\":[{\"@type\":\"ReadAction\",\"target\":[\"https:\\\/\\\/mycontest.ch\\\/fr\\\/anniversaire-6-ans-smsup\\\/\"]}]},{\"@type\":\"BreadcrumbList\",\"@id\":\"https:\\\/\\\/mycontest.ch\\\/fr\\\/anniversaire-6-ans-smsup\\\/#breadcrumb\",\"itemListElement\":[{\"@type\":\"ListItem\",\"position\":1,\"name\":\"Accueil\",\"item\":\"https:\\\/\\\/mycontest.ch\\\/fr\\\/\"},{\"@type\":\"ListItem\",\"position\":2,\"name\":\"Anniversaire 6 ans SMSup\"}]},{\"@type\":\"WebSite\",\"@id\":\"https:\\\/\\\/mycontest.ch\\\/fr\\\/#website\",\"url\":\"https:\\\/\\\/mycontest.ch\\\/fr\\\/\",\"name\":\"My Contest\",\"description\":\"Plateforme de jeux-concours\",\"publisher\":{\"@id\":\"https:\\\/\\\/mycontest.ch\\\/fr\\\/#organization\"},\"potentialAction\":[{\"@type\":\"SearchAction\",\"target\":{\"@type\":\"EntryPoint\",\"urlTemplate\":\"https:\\\/\\\/mycontest.ch\\\/fr\\\/?s={search_term_string}\"},\"query-input\":{\"@type\":\"PropertyValueSpecification\",\"valueRequired\":true,\"valueName\":\"search_term_string\"}}],\"inLanguage\":\"fr-FR\"},{\"@type\":\"Organization\",\"@id\":\"https:\\\/\\\/mycontest.ch\\\/fr\\\/#organization\",\"name\":\"My Contest\",\"url\":\"https:\\\/\\\/mycontest.ch\\\/fr\\\/\",\"logo\":{\"@type\":\"ImageObject\",\"inLanguage\":\"fr-FR\",\"@id\":\"https:\\\/\\\/mycontest.ch\\\/fr\\\/#\\\/schema\\\/logo\\\/image\\\/\",\"url\":\"https:\\\/\\\/mycontest.ch\\\/wp-content\\\/uploads\\\/2021\\\/07\\\/MY-CONTEST-logo-principal.png\",\"contentUrl\":\"https:\\\/\\\/mycontest.ch\\\/wp-content\\\/uploads\\\/2021\\\/07\\\/MY-CONTEST-logo-principal.png\",\"width\":1564,\"height\":657,\"caption\":\"My Contest\"},\"image\":{\"@id\":\"https:\\\/\\\/mycontest.ch\\\/fr\\\/#\\\/schema\\\/logo\\\/image\\\/\"}}]}<\/script>\n<!-- \/ Yoast SEO plugin. -->","yoast_head_json":{"title":"C\u00e9l\u00e9brez avec nous notre 6\u00e8me anniversaire | SMSup","description":"SMSup f\u00eate ses 6 ans ! Participez \u00e0 notre grand concours pour tenter de remporter un iPhone 13.","robots":{"index":"index","follow":"follow","max-snippet":"max-snippet:-1","max-image-preview":"max-image-preview:large","max-video-preview":"max-video-preview:-1"},"canonical":"https:\/\/mycontest.ch\/fr\/anniversaire-6-ans-smsup\/","og_locale":"fr_FR","og_type":"article","og_title":"C\u00e9l\u00e9brez avec nous notre 6\u00e8me anniversaire | SMSup","og_description":"SMSup f\u00eate ses 6 ans ! Participez \u00e0 notre grand concours pour tenter de remporter un iPhone 13.","og_url":"https:\/\/mycontest.ch\/fr\/anniversaire-6-ans-smsup\/","og_site_name":"My Contest","article_modified_time":"2023-04-24T09:54:00+00:00","twitter_card":"summary_large_image","twitter_misc":{"Dur\u00e9e de lecture estim\u00e9e":"2 minutes"},"schema":{"@context":"https:\/\/schema.org","@graph":[{"@type":"WebPage","@id":"https:\/\/mycontest.ch\/fr\/anniversaire-6-ans-smsup\/","url":"https:\/\/mycontest.ch\/fr\/anniversaire-6-ans-smsup\/","name":"C\u00e9l\u00e9brez avec nous notre 6\u00e8me anniversaire | SMSup","isPartOf":{"@id":"https:\/\/mycontest.ch\/fr\/#website"},"datePublished":"2022-03-22T15:47:40+00:00","dateModified":"2023-04-24T09:54:00+00:00","description":"SMSup f\u00eate ses 6 ans ! Participez \u00e0 notre grand concours pour tenter de remporter un iPhone 13.","breadcrumb":{"@id":"https:\/\/mycontest.ch\/fr\/anniversaire-6-ans-smsup\/#breadcrumb"},"inLanguage":"fr-FR","potentialAction":[{"@type":"ReadAction","target":["https:\/\/mycontest.ch\/fr\/anniversaire-6-ans-smsup\/"]}]},{"@type":"BreadcrumbList","@id":"https:\/\/mycontest.ch\/fr\/anniversaire-6-ans-smsup\/#breadcrumb","itemListElement":[{"@type":"ListItem","position":1,"name":"Accueil","item":"https:\/\/mycontest.ch\/fr\/"},{"@type":"ListItem","position":2,"name":"Anniversaire 6 ans SMSup"}]},{"@type":"WebSite","@id":"https:\/\/mycontest.ch\/fr\/#website","url":"https:\/\/mycontest.ch\/fr\/","name":"My Contest","description":"Plateforme de jeux-concours","publisher":{"@id":"https:\/\/mycontest.ch\/fr\/#organization"},"potentialAction":[{"@type":"SearchAction","target":{"@type":"EntryPoint","urlTemplate":"https:\/\/mycontest.ch\/fr\/?s={search_term_string}"},"query-input":{"@type":"PropertyValueSpecification","valueRequired":true,"valueName":"search_term_string"}}],"inLanguage":"fr-FR"},{"@type":"Organization","@id":"https:\/\/mycontest.ch\/fr\/#organization","name":"My Contest","url":"https:\/\/mycontest.ch\/fr\/","logo":{"@type":"ImageObject","inLanguage":"fr-FR","@id":"https:\/\/mycontest.ch\/fr\/#\/schema\/logo\/image\/","url":"https:\/\/mycontest.ch\/wp-content\/uploads\/2021\/07\/MY-CONTEST-logo-principal.png","contentUrl":"https:\/\/mycontest.ch\/wp-content\/uploads\/2021\/07\/MY-CONTEST-logo-principal.png","width":1564,"height":657,"caption":"My Contest"},"image":{"@id":"https:\/\/mycontest.ch\/fr\/#\/schema\/logo\/image\/"}}]}},"_links":{"self":[{"href":"https:\/\/mycontest.ch\/fr\/wp-json\/wp\/v2\/pages\/6312","targetHints":{"allow":["GET"]}}],"collection":[{"href":"https:\/\/mycontest.ch\/fr\/wp-json\/wp\/v2\/pages"}],"about":[{"href":"https:\/\/mycontest.ch\/fr\/wp-json\/wp\/v2\/types\/page"}],"author":[{"embeddable":true,"href":"https:\/\/mycontest.ch\/fr\/wp-json\/wp\/v2\/users\/1"}],"replies":[{"embeddable":true,"href":"https:\/\/mycontest.ch\/fr\/wp-json\/wp\/v2\/comments?post=6312"}],"version-history":[{"count":68,"href":"https:\/\/mycontest.ch\/fr\/wp-json\/wp\/v2\/pages\/6312\/revisions"}],"predecessor-version":[{"id":7124,"href":"https:\/\/mycontest.ch\/fr\/wp-json\/wp\/v2\/pages\/6312\/revisions\/7124"}],"wp:attachment":[{"href":"https:\/\/mycontest.ch\/fr\/wp-json\/wp\/v2\/media?parent=6312"}],"curies":[{"name":"wp","href":"https:\/\/api.w.org\/{rel}","templated":true}]}}