{"id":6545,"date":"2022-07-18T10:24:23","date_gmt":"2022-07-18T10:24:23","guid":{"rendered":"https:\/\/mycontest.ch\/?page_id=6545"},"modified":"2022-09-20T08:56:34","modified_gmt":"2022-09-20T08:56:34","slug":"concours-smsup","status":"publish","type":"page","link":"https:\/\/mycontest.ch\/fr\/concours-smsup\/","title":{"rendered":"CONCOURS LE SMS ET MOI"},"content":{"rendered":"<section  class=\" bg-image-srcset cover-background\" style=\"background: url(https:\/\/mycontest.ch\/wp-content\/uploads\/2022\/08\/jeu-concours-smsup-hotel-cambrian-1.jpg) no-repeat center;\" data-bg-srcset=\"https:\/\/mycontest.ch\/wp-content\/uploads\/2022\/08\/jeu-concours-smsup-hotel-cambrian-1.jpg 1600w, https:\/\/mycontest.ch\/wp-content\/uploads\/2022\/08\/jeu-concours-smsup-hotel-cambrian-1-300x113.jpg 300w, https:\/\/mycontest.ch\/wp-content\/uploads\/2022\/08\/jeu-concours-smsup-hotel-cambrian-1-1024x384.jpg 1024w, https:\/\/mycontest.ch\/wp-content\/uploads\/2022\/08\/jeu-concours-smsup-hotel-cambrian-1-768x288.jpg 768w, https:\/\/mycontest.ch\/wp-content\/uploads\/2022\/08\/jeu-concours-smsup-hotel-cambrian-1-1536x576.jpg 1536w, https:\/\/mycontest.ch\/wp-content\/uploads\/2022\/08\/jeu-concours-smsup-hotel-cambrian-1-420x158.jpg 420w, https:\/\/mycontest.ch\/wp-content\/uploads\/2022\/08\/jeu-concours-smsup-hotel-cambrian-1-1200x450.jpg 1200w\"><div class=\"container\"><div class=\"row\"><div class=\"wpb_column brando-column-container  vc_col-sm-12 col-xs-mobile-fullwidth text-center\" data-front-class=\"brando-column-container  col-xs-mobile-fullwidth text-center\"><div class=\"vc-column-innner-wrapper\"><div class=\"wpd-innner-wrapper\"><div class=\" brando-inner-row-class\"><div class=\"wpb_column brando-column-container  vc_col-sm-6 col-xs-mobile-fullwidth\" data-front-class=\"brando-column-container  col-xs-mobile-fullwidth\"><div class=\"vc-column-innner-wrapper\"><div class=\"wpd-innner-wrapper\"><\/div><\/div><\/div><div class=\"wpb_column brando-column-container  vc_col-sm-6 col-xs-mobile-fullwidth\" data-front-class=\"brando-column-container  col-xs-mobile-fullwidth\"><div class=\"vc-column-innner-wrapper\"><div class=\"wpd-innner-wrapper\">[vc_single_image image=\"6325\" img_size=\"120x120\" alignment=\"center\"]<\/div><\/div><\/div><\/div><div class=\" brando-inner-row-class\"><div class=\"wpb_column brando-column-container  vc_col-sm-6 col-xs-mobile-fullwidth\" data-front-class=\"brando-column-container  col-xs-mobile-fullwidth\"><div class=\"vc-column-innner-wrapper\"><div class=\"wpd-innner-wrapper\"><\/div><\/div><\/div><div class=\"wpb_column brando-column-container  vc_col-sm-6 col-xs-mobile-fullwidth\" data-front-class=\"brando-column-container  col-xs-mobile-fullwidth\"><div class=\"vc-column-innner-wrapper\"><div class=\"wpd-innner-wrapper\">[vc_empty_space height=\"20px\"]<h2 style=\"color: #00000; text-align: center;\"><span style=\"color: #ffffff;\"><strong>CONCOURS<br \/>\n\"Le SMS et MOI\"<\/strong><\/span><\/h2>\n<h2 style=\"color: #00000; text-align: center;\"><span style=\"color: #ffffff;\">GAGNEZ UNE NUIT<br \/>\n\u00c0 L'H\u00d4TEL THE CAMBRIAN<br \/>\nEN PLEIN C\u0152UR DES ALPES<\/span><\/h2>\n[vc_empty_space height=\"10px\"][vc_btn title=\"JE PARTICIPE\" style=\"custom\" custom_background=\"#e92a0e\" custom_text=\"#ffffff\" shape=\"square\" align=\"center\" link=\"url:%23formulaire\"]<\/div><\/div><\/div><\/div><\/div><\/div><\/div><\/div><\/div><\/section><section  class=\" padding-two-tb bg-image-srcset cover-background\" style=\"background: url(https:\/\/mycontest.ch\/wp-content\/uploads\/2021\/08\/Relief-background-image.png) no-repeat;\" data-bg-srcset=\"https:\/\/mycontest.ch\/wp-content\/uploads\/2021\/08\/Relief-background-image.png 750w, https:\/\/mycontest.ch\/wp-content\/uploads\/2021\/08\/Relief-background-image-300x200.png 300w, https:\/\/mycontest.ch\/wp-content\/uploads\/2021\/08\/Relief-background-image-420x280.png 420w\"><div class=\"container\"><div class=\"row\"><div class=\"wpb_column brando-column-container  vc_col-sm-2 col-xs-mobile-fullwidth\" data-front-class=\"brando-column-container  col-xs-mobile-fullwidth\"><div class=\"vc-column-innner-wrapper\"><div class=\"wpd-innner-wrapper\"><\/div><\/div><\/div><div class=\"wpb_column brando-column-container  vc_col-sm-8 col-xs-mobile-fullwidth padding-three-top\" data-front-class=\"brando-column-container  col-xs-mobile-fullwidth padding-three-top\"><div class=\"vc-column-innner-wrapper\"><div class=\"wpd-innner-wrapper\"><div class=\" brando-inner-row-class\"><div class=\"wpb_column brando-column-container  vc_col-sm-12 col-xs-mobile-fullwidth text-center\" data-front-class=\"brando-column-container  col-xs-mobile-fullwidth text-center\" style=\"min-height:2PX;\" data-min-height=\"2PX\"><div class=\"vc-column-innner-wrapper\"><div class=\"wpd-innner-wrapper\"><p style=\"text-align: center;\">&#x1f310;<span style=\"color: #000000;\"><a href=\"https:\/\/mycontest.ch\/de\/gewinnspiel-smsup\/\"><span style=\"color: #333333;\"> <u>ALLEMAND<\/u>\u00a0<\/span><\/a> | <span style=\"color: #8ec600;\"><span style=\"color: #117ad9;\"><u><strong>FRAN\u00c7AIS<\/strong><\/u><\/span><\/span><\/span><\/p>\n<\/div><\/div><\/div><\/div>[vc_raw_html]JTI2bmJzcCUzQg==[\/vc_raw_html]<h3 style=\"text-align: center; color: #d3c3b2;\"><span style=\"color: #333333;\">CONCOURS TERMIN\u00c9<br \/>\n---<\/span><\/h3>\n<h3 style=\"text-align: center; color: #d3c3b2;\"><span style=\"color: #117ad9;\">GRAND CONCOURS SMSUP<br \/>\n<\/span><span style=\"color: #117ad9;\"> \"Le SMS et MOI\"<\/span><\/h3>\n[vc_raw_html]JTI2bmJzcCUzQg==[\/vc_raw_html]<div class=\" brando-inner-row-class\"><div class=\"wpb_column brando-column-container  vc_col-sm-6 col-xs-mobile-fullwidth\" data-front-class=\"brando-column-container  col-xs-mobile-fullwidth\"><div class=\"vc-column-innner-wrapper\"><div class=\"wpd-innner-wrapper\"><p><span style=\"color: #000000;\">Participez \u00e0 notre grand concours pour tenter de remporter d'incroyables lots !<\/span>\u00a0\u00c0 GAGNER :<\/p>\n<p><strong>&#x1f381; Premier lot <\/strong>: 1 nuit pour deux personnes \u00e0 l'<a href=\"https:\/\/www.thecambrianadelboden.com\/fr\/\" target=\"_blank\" rel=\"noopener\">h\u00f4tel The Cambrian \u00e0 Adelboden<\/a>, d'une valeur de 330 CHF<\/p>\n<p><strong>&#x1f381; Deuxi\u00e8me lot<\/strong> : 1 bon d'une valeur de 100 CHF chez Fnac<\/p>\n<p><strong>&#x1f381; Troisi\u00e8me lot<\/strong> : 1 bon d'une valeur de 50 CHF chez Fnac<\/p>\n<p>Les gagnants seront d\u00e9sign\u00e9s par un tirage au sort ! Bonne chance &#x1f340;<\/p>\n<\/div><\/div><\/div><div class=\"wpb_column brando-column-container  vc_col-sm-6 col-xs-mobile-fullwidth text-center\" data-front-class=\"brando-column-container  col-xs-mobile-fullwidth text-center\"><div class=\"vc-column-innner-wrapper\"><div class=\"wpd-innner-wrapper\">[vc_single_image image=\"6615\" img_size=\"full\" alignment=\"center\" style=\"vc_box_shadow\"]<\/div><\/div><\/div><\/div><div class=\" brando-inner-row-class\"><div class=\"wpb_column brando-column-container  vc_col-sm-12 col-xs-mobile-fullwidth\" data-front-class=\"brando-column-container  col-xs-mobile-fullwidth\"><div class=\"vc-column-innner-wrapper\"><div class=\"wpd-innner-wrapper\">[vc_empty_space height=\"24px\"]<p><span style=\"color: #000000;\"><strong>POUR PARTICIPER :<\/strong><\/span><\/p>\n[vc_empty_space height=\"12px\"]<p><strong><span style=\"color: #8ec600;\"><span style=\"color: #117ad9;\">1.<\/span> <\/span><\/strong><span style=\"color: #8ec600;\"><span style=\"color: #000000;\">Remplissez le <a href=\"#formulaire\"><span style=\"color: #117ad9;\">formulaire de participation<\/span><\/a> et compl\u00e9tez le sondage* (\u00e7a ne prendra que quelques minutes &#x1f609;).<\/span><\/span><br \/>\n<span style=\"color: #117ad9;\"><strong>2. <\/strong><\/span><span style=\"color: #8ec600;\"><span style=\"color: #000000;\">Suivez-nous sur <span style=\"color: #117ad9;\"><a style=\"color: #117ad9;\" href=\"https:\/\/www.instagram.com\/smsup.ch\/\" target=\"_blank\" rel=\"noopener\">Instagram<\/a><\/span> ou <span style=\"color: #117ad9;\"><a style=\"color: #117ad9;\" href=\"https:\/\/www.facebook.com\/smsup.ch\/\" target=\"_blank\" rel=\"noopener\">Facebook<\/a><span style=\"color: #000000;\"> pour ne rien rater de nos publications !<\/span><\/span><\/span><\/span><\/p>\n<p><em>*Les donn\u00e9es collect\u00e9es par ce formulaire sont confidentielles, elles seront utilis\u00e9es uniquement dans le cadre de cette \u00e9tude.\u00a0<\/em><\/p>\n<\/div><\/div><\/div><\/div><\/div><\/div><\/div><div class=\"wpb_column brando-column-container  vc_col-sm-2 col-xs-mobile-fullwidth\" data-front-class=\"brando-column-container  col-xs-mobile-fullwidth\"><div class=\"vc-column-innner-wrapper\"><div class=\"wpd-innner-wrapper\"><\/div><\/div><\/div><\/div><\/div><\/section><section id=\"formulaire\" style=\"background-color:rgba(30,115,190,0.19);\"><div class=\"container\"><div class=\"row\"><div class=\"wpb_column brando-column-container  vc_col-sm-2 col-xs-mobile-fullwidth padding-three-all\" data-front-class=\"brando-column-container  col-xs-mobile-fullwidth padding-three-all\"><div class=\"vc-column-innner-wrapper\"><div class=\"wpd-innner-wrapper\"><\/div><\/div><\/div><div class=\"wpb_column brando-column-container  vc_col-sm-8 col-xs-mobile-fullwidth\" data-front-class=\"brando-column-container  col-xs-mobile-fullwidth\"><div class=\"vc-column-innner-wrapper\"><div class=\"wpd-innner-wrapper\"><h4 style=\"text-align: center;\"><strong>TIRAGE AU SORT LE 19 SEPTEMBRE 2022.<\/strong><\/h4>\n<\/div><\/div><\/div><div class=\"wpb_column brando-column-container  vc_col-sm-2 col-xs-mobile-fullwidth\" data-front-class=\"brando-column-container  col-xs-mobile-fullwidth\"><div class=\"vc-column-innner-wrapper\"><div class=\"wpd-innner-wrapper\"><\/div><\/div><\/div><\/div><\/div><\/section><section style=\"background-color:#117ad9;\"><div class=\"container\"><div class=\"row\"><div class=\"wpb_column brando-column-container  vc_col-sm-4 col-xs-mobile-fullwidth\" data-front-class=\"brando-column-container  col-xs-mobile-fullwidth\"><div class=\"vc-column-innner-wrapper\"><div class=\"wpd-innner-wrapper\"><div style=\"color: #ffffff;\"><span style=\"color: #000000;\"><strong>CONTACTEZ-NOUS<\/strong><\/span><\/div>\n[vc_empty_space height=\"15px\"]<div style=\"color: #ffffff;\">\n<p><span style=\"color: #000000;\">&#x1f4cd; <strong>Adresse :<\/strong><\/span><br \/>\n<span style=\"color: #000000;\">Route de Ch\u00e9salles 21b, 1723 Marly<\/span><\/p>\n<p><span style=\"color: #000000;\">&#x1f4f1;<strong> T\u00e9l\u00e9phone :<\/strong><\/span><br \/>\n<span style=\"color: #000000;\"><a style=\"color: #000000;\" href=\"tel:+41265667020\">+41 26 566 70 20<\/a><\/span><\/p>\n<p><span style=\"color: #000000;\">&#x1f4e7;<strong> Mail :<br \/>\n<\/strong><a style=\"color: #000000;\" href=\"mailto:info@smsup.ch\" target=\"_blank\" rel=\"noopener\">info@smsup.ch<\/a><\/span><\/p>\n<\/div>\n<\/div><\/div><\/div><div class=\"wpb_column brando-column-container  vc_col-sm-4 col-xs-mobile-fullwidth\" data-front-class=\"brando-column-container  col-xs-mobile-fullwidth\"><div class=\"vc-column-innner-wrapper\"><div class=\"wpd-innner-wrapper\">[vc_single_image image=\"6325\" img_size=\"medium\" onclick=\"custom_link\" img_link_target=\"_blank\" link=\"http:\/\/smsup.ch\/fr\/\"]<\/div><\/div><\/div><div class=\"wpb_column brando-column-container  vc_col-sm-4 col-xs-mobile-fullwidth\" data-front-class=\"brando-column-container  col-xs-mobile-fullwidth\"><div class=\"vc-column-innner-wrapper\"><div class=\"wpd-innner-wrapper\"><div style=\"color: #ffffff;\"><span style=\"color: #000000;\"><strong>SUIVEZ-NOUS<\/strong><\/span><\/div>\n[vc_empty_space height=\"35px\"]<div class=\" brando-inner-row-class no-transition\" style=\"border-top: ;\"><div class=\"wpb_column brando-column-container  vc_col-sm-3 col-xs-mobile-fullwidth\" data-front-class=\"brando-column-container  col-xs-mobile-fullwidth\"><div class=\"vc-column-innner-wrapper\"><div class=\"wpd-innner-wrapper\">[vc_single_image image=\"5811\" img_size=\"24x24\" onclick=\"custom_link\" img_link_target=\"_blank\" link=\"https:\/\/www.facebook.com\/smsup.ch\/\"]<\/div><\/div><\/div><div class=\"wpb_column brando-column-container  vc_col-sm-3 col-xs-mobile-fullwidth\" data-front-class=\"brando-column-container  col-xs-mobile-fullwidth\"><div class=\"vc-column-innner-wrapper\"><div class=\"wpd-innner-wrapper\">[vc_single_image image=\"5815\" img_size=\"24x24\" onclick=\"custom_link\" img_link_target=\"_blank\" link=\"https:\/\/www.instagram.com\/smsup.ch\/\"]<\/div><\/div><\/div><div class=\"wpb_column brando-column-container  vc_col-sm-3 col-xs-mobile-fullwidth\" data-front-class=\"brando-column-container  col-xs-mobile-fullwidth\"><div class=\"vc-column-innner-wrapper\"><div class=\"wpd-innner-wrapper\">[vc_single_image image=\"6396\" img_size=\"24x24\" onclick=\"custom_link\" img_link_target=\"_blank\" link=\"https:\/\/www.youtube.com\/channel\/UCNgvttwYxbOslLT2CGr1pqg\"]<\/div><\/div><\/div><div class=\"wpb_column brando-column-container  vc_col-sm-3 col-xs-mobile-fullwidth\" data-front-class=\"brando-column-container  col-xs-mobile-fullwidth\"><div class=\"vc-column-innner-wrapper\"><div class=\"wpd-innner-wrapper\">[vc_single_image image=\"6630\" img_size=\"24x24\" onclick=\"custom_link\" img_link_target=\"_blank\" link=\"https:\/\/www.linkedin.com\/company\/smsup\/\"]<\/div><\/div><\/div><\/div><\/div><\/div><\/div><\/div><\/div><\/section>","protected":false},"excerpt":{"rendered":"<p>[vc_single_image image=\u00a0\u00bb6325&Prime; img_size=\u00a0\u00bb120&#215;120&Prime; alignment=\u00a0\u00bbcenter\u00a0\u00bb][vc_empty_space height=\u00a0\u00bb20px\u00a0\u00bb]CONCOURS \u00ab\u00a0Le SMS et MOI\u00a0\u00bb GAGNEZ UNE NUIT \u00c0 L&rsquo;H\u00d4TEL THE CAMBRIAN EN PLEIN C\u0152UR DES ALPES [vc_empty_space height=\u00a0\u00bb10px\u00a0\u00bb][vc_btn title=\u00a0\u00bbJE PARTICIPE\u00a0\u00bb style=\u00a0\u00bbcustom\u00a0\u00bb custom_background=\u00a0\u00bb#e92a0e\u00a0\u00bb custom_text=\u00a0\u00bb#ffffff\u00a0\u00bb shape=\u00a0\u00bbsquare\u00a0\u00bb align=\u00a0\u00bbcenter\u00a0\u00bb link=\u00a0\u00bburl:%23formulaire\u00a0\u00bb]&#x1f310; ALLEMAND\u00a0 | FRAN\u00c7AIS [vc_raw_html]JTI2bmJzcCUzQg==[\/vc_raw_html]CONCOURS TERMIN\u00c9 &#8212; GRAND CONCOURS SMSUP \u00ab\u00a0Le SMS et MOI\u00a0\u00bb [vc_raw_html]JTI2bmJzcCUzQg==[\/vc_raw_html]Participez \u00e0 notre grand concours pour tenter de remporter d&rsquo;incroyables lots [&hellip;]<\/p>\n","protected":false},"author":1,"featured_media":0,"parent":0,"menu_order":0,"comment_status":"closed","ping_status":"closed","template":"","meta":{"footnotes":""},"class_list":["post-6545","page","type-page","status-publish","hentry"],"yoast_head":"<!-- This site is optimized with the Yoast SEO plugin v27.4 - https:\/\/yoast.com\/product\/yoast-seo-wordpress\/ -->\n<title>Participez \u00e0 notre grand jeu concours | SMSup<\/title>\n<meta name=\"description\" content=\"Participez et tentez de remporter l&#039;un des trois lots mis en jeu, d&#039;incroyables bons cadeaux sont \u00e0 gagner !\" \/>\n<meta name=\"robots\" content=\"index, follow, max-snippet:-1, max-image-preview:large, max-video-preview:-1\" \/>\n<link rel=\"canonical\" href=\"https:\/\/mycontest.ch\/fr\/concours-smsup\/\" \/>\n<meta property=\"og:locale\" content=\"fr_FR\" \/>\n<meta property=\"og:type\" content=\"article\" \/>\n<meta property=\"og:title\" content=\"Participez \u00e0 notre grand jeu concours | SMSup\" \/>\n<meta property=\"og:description\" content=\"Participez et tentez de remporter l&#039;un des trois lots mis en jeu, d&#039;incroyables bons cadeaux sont \u00e0 gagner !\" \/>\n<meta property=\"og:url\" content=\"https:\/\/mycontest.ch\/fr\/concours-smsup\/\" \/>\n<meta property=\"og:site_name\" content=\"My Contest\" \/>\n<meta property=\"article:modified_time\" content=\"2022-09-20T08:56:34+00:00\" \/>\n<meta name=\"twitter:card\" content=\"summary_large_image\" \/>\n<meta name=\"twitter:label1\" content=\"Dur\u00e9e de lecture estim\u00e9e\" \/>\n\t<meta name=\"twitter:data1\" content=\"2 minutes\" \/>\n<script type=\"application\/ld+json\" class=\"yoast-schema-graph\">{\"@context\":\"https:\\\/\\\/schema.org\",\"@graph\":[{\"@type\":\"WebPage\",\"@id\":\"https:\\\/\\\/mycontest.ch\\\/fr\\\/concours-smsup\\\/\",\"url\":\"https:\\\/\\\/mycontest.ch\\\/fr\\\/concours-smsup\\\/\",\"name\":\"Participez \u00e0 notre grand jeu concours | SMSup\",\"isPartOf\":{\"@id\":\"https:\\\/\\\/mycontest.ch\\\/fr\\\/#website\"},\"datePublished\":\"2022-07-18T10:24:23+00:00\",\"dateModified\":\"2022-09-20T08:56:34+00:00\",\"description\":\"Participez et tentez de remporter l'un des trois lots mis en jeu, d'incroyables bons cadeaux sont \u00e0 gagner !\",\"breadcrumb\":{\"@id\":\"https:\\\/\\\/mycontest.ch\\\/fr\\\/concours-smsup\\\/#breadcrumb\"},\"inLanguage\":\"fr-FR\",\"potentialAction\":[{\"@type\":\"ReadAction\",\"target\":[\"https:\\\/\\\/mycontest.ch\\\/fr\\\/concours-smsup\\\/\"]}]},{\"@type\":\"BreadcrumbList\",\"@id\":\"https:\\\/\\\/mycontest.ch\\\/fr\\\/concours-smsup\\\/#breadcrumb\",\"itemListElement\":[{\"@type\":\"ListItem\",\"position\":1,\"name\":\"Accueil\",\"item\":\"https:\\\/\\\/mycontest.ch\\\/fr\\\/\"},{\"@type\":\"ListItem\",\"position\":2,\"name\":\"CONCOURS LE SMS ET MOI\"}]},{\"@type\":\"WebSite\",\"@id\":\"https:\\\/\\\/mycontest.ch\\\/fr\\\/#website\",\"url\":\"https:\\\/\\\/mycontest.ch\\\/fr\\\/\",\"name\":\"My Contest\",\"description\":\"Plateforme de jeux-concours\",\"publisher\":{\"@id\":\"https:\\\/\\\/mycontest.ch\\\/fr\\\/#organization\"},\"potentialAction\":[{\"@type\":\"SearchAction\",\"target\":{\"@type\":\"EntryPoint\",\"urlTemplate\":\"https:\\\/\\\/mycontest.ch\\\/fr\\\/?s={search_term_string}\"},\"query-input\":{\"@type\":\"PropertyValueSpecification\",\"valueRequired\":true,\"valueName\":\"search_term_string\"}}],\"inLanguage\":\"fr-FR\"},{\"@type\":\"Organization\",\"@id\":\"https:\\\/\\\/mycontest.ch\\\/fr\\\/#organization\",\"name\":\"My Contest\",\"url\":\"https:\\\/\\\/mycontest.ch\\\/fr\\\/\",\"logo\":{\"@type\":\"ImageObject\",\"inLanguage\":\"fr-FR\",\"@id\":\"https:\\\/\\\/mycontest.ch\\\/fr\\\/#\\\/schema\\\/logo\\\/image\\\/\",\"url\":\"https:\\\/\\\/mycontest.ch\\\/wp-content\\\/uploads\\\/2021\\\/07\\\/MY-CONTEST-logo-principal.png\",\"contentUrl\":\"https:\\\/\\\/mycontest.ch\\\/wp-content\\\/uploads\\\/2021\\\/07\\\/MY-CONTEST-logo-principal.png\",\"width\":1564,\"height\":657,\"caption\":\"My Contest\"},\"image\":{\"@id\":\"https:\\\/\\\/mycontest.ch\\\/fr\\\/#\\\/schema\\\/logo\\\/image\\\/\"}}]}<\/script>\n<!-- \/ Yoast SEO plugin. -->","yoast_head_json":{"title":"Participez \u00e0 notre grand jeu concours | SMSup","description":"Participez et tentez de remporter l'un des trois lots mis en jeu, d'incroyables bons cadeaux sont \u00e0 gagner !","robots":{"index":"index","follow":"follow","max-snippet":"max-snippet:-1","max-image-preview":"max-image-preview:large","max-video-preview":"max-video-preview:-1"},"canonical":"https:\/\/mycontest.ch\/fr\/concours-smsup\/","og_locale":"fr_FR","og_type":"article","og_title":"Participez \u00e0 notre grand jeu concours | SMSup","og_description":"Participez et tentez de remporter l'un des trois lots mis en jeu, d'incroyables bons cadeaux sont \u00e0 gagner !","og_url":"https:\/\/mycontest.ch\/fr\/concours-smsup\/","og_site_name":"My Contest","article_modified_time":"2022-09-20T08:56:34+00:00","twitter_card":"summary_large_image","twitter_misc":{"Dur\u00e9e de lecture estim\u00e9e":"2 minutes"},"schema":{"@context":"https:\/\/schema.org","@graph":[{"@type":"WebPage","@id":"https:\/\/mycontest.ch\/fr\/concours-smsup\/","url":"https:\/\/mycontest.ch\/fr\/concours-smsup\/","name":"Participez \u00e0 notre grand jeu concours | SMSup","isPartOf":{"@id":"https:\/\/mycontest.ch\/fr\/#website"},"datePublished":"2022-07-18T10:24:23+00:00","dateModified":"2022-09-20T08:56:34+00:00","description":"Participez et tentez de remporter l'un des trois lots mis en jeu, d'incroyables bons cadeaux sont \u00e0 gagner !","breadcrumb":{"@id":"https:\/\/mycontest.ch\/fr\/concours-smsup\/#breadcrumb"},"inLanguage":"fr-FR","potentialAction":[{"@type":"ReadAction","target":["https:\/\/mycontest.ch\/fr\/concours-smsup\/"]}]},{"@type":"BreadcrumbList","@id":"https:\/\/mycontest.ch\/fr\/concours-smsup\/#breadcrumb","itemListElement":[{"@type":"ListItem","position":1,"name":"Accueil","item":"https:\/\/mycontest.ch\/fr\/"},{"@type":"ListItem","position":2,"name":"CONCOURS LE SMS ET MOI"}]},{"@type":"WebSite","@id":"https:\/\/mycontest.ch\/fr\/#website","url":"https:\/\/mycontest.ch\/fr\/","name":"My Contest","description":"Plateforme de jeux-concours","publisher":{"@id":"https:\/\/mycontest.ch\/fr\/#organization"},"potentialAction":[{"@type":"SearchAction","target":{"@type":"EntryPoint","urlTemplate":"https:\/\/mycontest.ch\/fr\/?s={search_term_string}"},"query-input":{"@type":"PropertyValueSpecification","valueRequired":true,"valueName":"search_term_string"}}],"inLanguage":"fr-FR"},{"@type":"Organization","@id":"https:\/\/mycontest.ch\/fr\/#organization","name":"My Contest","url":"https:\/\/mycontest.ch\/fr\/","logo":{"@type":"ImageObject","inLanguage":"fr-FR","@id":"https:\/\/mycontest.ch\/fr\/#\/schema\/logo\/image\/","url":"https:\/\/mycontest.ch\/wp-content\/uploads\/2021\/07\/MY-CONTEST-logo-principal.png","contentUrl":"https:\/\/mycontest.ch\/wp-content\/uploads\/2021\/07\/MY-CONTEST-logo-principal.png","width":1564,"height":657,"caption":"My Contest"},"image":{"@id":"https:\/\/mycontest.ch\/fr\/#\/schema\/logo\/image\/"}}]}},"_links":{"self":[{"href":"https:\/\/mycontest.ch\/fr\/wp-json\/wp\/v2\/pages\/6545","targetHints":{"allow":["GET"]}}],"collection":[{"href":"https:\/\/mycontest.ch\/fr\/wp-json\/wp\/v2\/pages"}],"about":[{"href":"https:\/\/mycontest.ch\/fr\/wp-json\/wp\/v2\/types\/page"}],"author":[{"embeddable":true,"href":"https:\/\/mycontest.ch\/fr\/wp-json\/wp\/v2\/users\/1"}],"replies":[{"embeddable":true,"href":"https:\/\/mycontest.ch\/fr\/wp-json\/wp\/v2\/comments?post=6545"}],"version-history":[{"count":76,"href":"https:\/\/mycontest.ch\/fr\/wp-json\/wp\/v2\/pages\/6545\/revisions"}],"predecessor-version":[{"id":6723,"href":"https:\/\/mycontest.ch\/fr\/wp-json\/wp\/v2\/pages\/6545\/revisions\/6723"}],"wp:attachment":[{"href":"https:\/\/mycontest.ch\/fr\/wp-json\/wp\/v2\/media?parent=6545"}],"curies":[{"name":"wp","href":"https:\/\/api.w.org\/{rel}","templated":true}]}}